{"id":12213,"date":"2013-09-06T15:19:20","date_gmt":"2013-09-06T15:19:20","guid":{"rendered":"https:\/\/www.seva-czech.cz\/kontakty\/"},"modified":"2025-04-01T09:45:02","modified_gmt":"2025-04-01T07:45:02","slug":"kontakty","status":"publish","type":"page","link":"https:\/\/www.seva-czech.cz\/es\/kontakty\/","title":{"rendered":"Contactos"},"content":{"rendered":"<section class=\"l-section wpb_row height_medium\"><div class=\"l-section-h i-cf\"><div class=\"g-cols vc_row via_flex valign_top type_default stacking_default\"><div class=\"vc_col-sm-12 wpb_column vc_column_container\"><div class=\"vc_column-inner\"><div class=\"wpb_wrapper\"><div class=\"wpb_text_column\"><div class=\"wpb_wrapper\"><h1 style=\"text-align: center;\">Kontakty<\/h1>\n<p>M\u00e1te doma n\u011bkterou z na\u0161ich stavebnic a va\u0161e d\u011bti z nich neust\u00e1le n\u011bco stav\u011bj\u00ed? Seva spojuje, a proto budeme r\u00e1di, kdy\u017e s n\u00e1mi budete ve spojen\u00ed a d\u00e1te n\u00e1m t\u0159eba v\u011bd\u011bt, co v\u00e1s a va\u0161e d\u011bti na stavebnici Seva bav\u00ed a co byste nap\u0159\u00edklad ocenili v nov\u00fdch stavebnic\u00edch.<\/p>\n<p>Budeme r\u00e1di, kdy\u017e se n\u00e1m s jejich v\u00fdtvory pochlub\u00edte! Sta\u010d\u00ed zaslat fotografii na e-mail nebo sd\u00edlet na FB.<\/p>\n<p>D\u011bkujeme a\u00a0hrav\u00fd den p\u0159ejeme! T\u00fdm Seva.<\/p>\n<\/div><\/div><\/div><\/div><\/div><\/div><\/div><\/section><section class=\"l-section wpb_row height_medium\"><div class=\"l-section-h i-cf\"><div class=\"g-cols vc_row via_flex valign_top type_default stacking_default\"><div class=\"vc_col-sm-4 wpb_column vc_column_container\"><div class=\"vc_column-inner\"><div class=\"wpb_wrapper\"><div class=\"w-person layout_circle effect_faded\" itemscope itemtype=\"https:\/\/schema.org\/Person\"><div class=\"w-person-image\"><img loading=\"lazy\" decoding=\"async\" width=\"1000\" height=\"1000\" src=\"https:\/\/www.seva-czech.cz\/wp-content\/uploads\/2018\/10\/1portr\u00e9t_bez-pozad\u00ed-Sv\u00e1\u0165a.png\" class=\"attachment-large size-large\" alt=\"\" itemprop=\"image\" srcset=\"https:\/\/www.seva-czech.cz\/wp-content\/uploads\/2018\/10\/1portr\u00e9t_bez-pozad\u00ed-Sv\u00e1\u0165a.png 1000w, https:\/\/www.seva-czech.cz\/wp-content\/uploads\/2018\/10\/1portr\u00e9t_bez-pozad\u00ed-Sv\u00e1\u0165a-150x150.png 150w, https:\/\/www.seva-czech.cz\/wp-content\/uploads\/2018\/10\/1portr\u00e9t_bez-pozad\u00ed-Sv\u00e1\u0165a-300x300.png 300w, https:\/\/www.seva-czech.cz\/wp-content\/uploads\/2018\/10\/1portr\u00e9t_bez-pozad\u00ed-Sv\u00e1\u0165a-350x350.png 350w, https:\/\/www.seva-czech.cz\/wp-content\/uploads\/2018\/10\/1portr\u00e9t_bez-pozad\u00ed-Sv\u00e1\u0165a-600x600.png 600w\" sizes=\"auto, (max-width: 1000px) 100vw, 1000px\" \/><\/div><div class=\"w-person-content\"><h4 itemprop=\"name\" class=\"w-person-name\"><span>Svatopluk Run\u010d\u00edk, MBA.<\/span><\/h4><div class=\"w-person-role\" itemprop=\"jobTitle\">Gener\u00e1ln\u00ed \u0159editel<\/div><\/div><\/div><div class=\"wpb_text_column\"><div class=\"wpb_wrapper\"><p style=\"text-align: center;\">svatopluk.runcik@benesalat.cz<\/p>\n<\/div><\/div><\/div><\/div><\/div><div class=\"vc_col-sm-4 wpb_column vc_column_container\"><div class=\"vc_column-inner\"><div class=\"wpb_wrapper\"><div class=\"w-person layout_circle effect_faded\" itemscope itemtype=\"https:\/\/schema.org\/Person\"><div class=\"w-person-image\"><img loading=\"lazy\" decoding=\"async\" width=\"607\" height=\"607\" src=\"https:\/\/www.seva-czech.cz\/wp-content\/uploads\/2018\/10\/2portr\u00e9t_bez_pozad\u00ed-j\u00e1.png\" class=\"attachment-large size-large\" alt=\"\" itemprop=\"image\" srcset=\"https:\/\/www.seva-czech.cz\/wp-content\/uploads\/2018\/10\/2portr\u00e9t_bez_pozad\u00ed-j\u00e1.png 607w, https:\/\/www.seva-czech.cz\/wp-content\/uploads\/2018\/10\/2portr\u00e9t_bez_pozad\u00ed-j\u00e1-150x150.png 150w, https:\/\/www.seva-czech.cz\/wp-content\/uploads\/2018\/10\/2portr\u00e9t_bez_pozad\u00ed-j\u00e1-300x300.png 300w, https:\/\/www.seva-czech.cz\/wp-content\/uploads\/2018\/10\/2portr\u00e9t_bez_pozad\u00ed-j\u00e1-350x350.png 350w, https:\/\/www.seva-czech.cz\/wp-content\/uploads\/2018\/10\/2portr\u00e9t_bez_pozad\u00ed-j\u00e1-600x600.png 600w\" sizes=\"auto, (max-width: 607px) 100vw, 607px\" \/><\/div><div class=\"w-person-content\"><h4 itemprop=\"name\" class=\"w-person-name\"><span>Jan Str\u00e1nsk\u00fd<\/span><\/h4><div class=\"w-person-role\" itemprop=\"jobTitle\">Obchod a marketing<\/div><\/div><\/div><div class=\"wpb_text_column\"><div class=\"wpb_wrapper\"><p style=\"text-align: center;\">jan.stransky@seva-czech.cz<\/p>\n<p style=\"text-align: center;\">+420 724 440 919<\/p>\n<\/div><\/div><\/div><\/div><\/div><div class=\"vc_col-sm-4 wpb_column vc_column_container\"><div class=\"vc_column-inner\"><div class=\"wpb_wrapper\"><div class=\"w-person layout_circle effect_faded\" itemscope itemtype=\"https:\/\/schema.org\/Person\"><div class=\"w-person-image\"><img loading=\"lazy\" decoding=\"async\" width=\"1024\" height=\"1024\" src=\"https:\/\/www.seva-czech.cz\/wp-content\/uploads\/2025\/02\/Veronika-Kracikova2-bez-pozadi-2-1024x1024.png\" class=\"attachment-large size-large\" alt=\"\" itemprop=\"image\" srcset=\"https:\/\/www.seva-czech.cz\/wp-content\/uploads\/2025\/02\/Veronika-Kracikova2-bez-pozadi-2-1024x1024.png 1024w, https:\/\/www.seva-czech.cz\/wp-content\/uploads\/2025\/02\/Veronika-Kracikova2-bez-pozadi-2-300x300.png 300w, https:\/\/www.seva-czech.cz\/wp-content\/uploads\/2025\/02\/Veronika-Kracikova2-bez-pozadi-2-150x150.png 150w, https:\/\/www.seva-czech.cz\/wp-content\/uploads\/2025\/02\/Veronika-Kracikova2-bez-pozadi-2-350x350.png 350w, https:\/\/www.seva-czech.cz\/wp-content\/uploads\/2025\/02\/Veronika-Kracikova2-bez-pozadi-2-600x600.png 600w, https:\/\/www.seva-czech.cz\/wp-content\/uploads\/2025\/02\/Veronika-Kracikova2-bez-pozadi-2-264x264.png 264w\" sizes=\"auto, (max-width: 1024px) 100vw, 1024px\" \/><\/div><div class=\"w-person-content\"><h4 itemprop=\"name\" class=\"w-person-name\"><span>Petra Landovsk\u00e1<\/span><\/h4><div class=\"w-person-role\" itemprop=\"jobTitle\">Intern\u00ed obchodn\u00ed z\u00e1stupce<\/div><\/div><\/div><div class=\"wpb_text_column\"><div class=\"wpb_wrapper\"><p style=\"text-align: center;\">petra.landovska@seva-czech.cz<\/p>\n<p style=\"text-align: center;\">+420 724 440 958<\/p>\n<\/div><\/div><\/div><\/div><\/div><\/div><\/div><\/section><section class=\"l-section wpb_row height_medium\"><div class=\"l-section-h i-cf\"><div class=\"g-cols vc_row via_flex valign_top type_default stacking_default\"><div class=\"vc_col-sm-4 wpb_column vc_column_container\"><div class=\"vc_column-inner\"><div class=\"wpb_wrapper\"><div class=\"w-person layout_circle effect_faded\" itemscope itemtype=\"https:\/\/schema.org\/Person\"><div class=\"w-person-image\"><img loading=\"lazy\" decoding=\"async\" width=\"1024\" height=\"1024\" src=\"https:\/\/www.seva-czech.cz\/wp-content\/uploads\/2020\/06\/Lukas-2-1-1024x1024.png\" class=\"attachment-large size-large\" alt=\"\" itemprop=\"image\" srcset=\"https:\/\/www.seva-czech.cz\/wp-content\/uploads\/2020\/06\/Lukas-2-1-1024x1024.png 1024w, https:\/\/www.seva-czech.cz\/wp-content\/uploads\/2020\/06\/Lukas-2-1-150x150.png 150w, https:\/\/www.seva-czech.cz\/wp-content\/uploads\/2020\/06\/Lukas-2-1-300x300.png 300w, https:\/\/www.seva-czech.cz\/wp-content\/uploads\/2020\/06\/Lukas-2-1-350x350.png 350w, https:\/\/www.seva-czech.cz\/wp-content\/uploads\/2020\/06\/Lukas-2-1-600x600.png 600w\" sizes=\"auto, (max-width: 1024px) 100vw, 1024px\" \/><\/div><div class=\"w-person-content\"><h4 itemprop=\"name\" class=\"w-person-name\"><span>Luk\u00e1\u0161 Sedl\u00e1\u010dek<\/span><\/h4><div class=\"w-person-role\" itemprop=\"jobTitle\">Extern\u00ed obchodn\u00ed z\u00e1stupce<\/div><\/div><\/div><div class=\"wpb_text_column\"><div class=\"wpb_wrapper\"><p style=\"text-align: center;\">lukas.sedlacek@seva-czech.cz<\/p>\n<p style=\"text-align: center;\">+420 725 490 153<\/p>\n<\/div><\/div><\/div><\/div><\/div><div class=\"vc_col-sm-4 wpb_column vc_column_container\"><div class=\"vc_column-inner\"><div class=\"wpb_wrapper\"><div class=\"w-person layout_circle effect_faded\" itemscope itemtype=\"https:\/\/schema.org\/Person\"><div class=\"w-person-image\"><img loading=\"lazy\" decoding=\"async\" width=\"936\" height=\"936\" src=\"https:\/\/www.seva-czech.cz\/wp-content\/uploads\/2018\/10\/2portr\u00e9t_bez_pozad\u00ed-\u0161\u00e1rka-1.png\" class=\"attachment-large size-large\" alt=\"\" itemprop=\"image\" srcset=\"https:\/\/www.seva-czech.cz\/wp-content\/uploads\/2018\/10\/2portr\u00e9t_bez_pozad\u00ed-\u0161\u00e1rka-1.png 936w, https:\/\/www.seva-czech.cz\/wp-content\/uploads\/2018\/10\/2portr\u00e9t_bez_pozad\u00ed-\u0161\u00e1rka-1-150x150.png 150w, https:\/\/www.seva-czech.cz\/wp-content\/uploads\/2018\/10\/2portr\u00e9t_bez_pozad\u00ed-\u0161\u00e1rka-1-300x300.png 300w, https:\/\/www.seva-czech.cz\/wp-content\/uploads\/2018\/10\/2portr\u00e9t_bez_pozad\u00ed-\u0161\u00e1rka-1-350x350.png 350w, https:\/\/www.seva-czech.cz\/wp-content\/uploads\/2018\/10\/2portr\u00e9t_bez_pozad\u00ed-\u0161\u00e1rka-1-600x600.png 600w\" sizes=\"auto, (max-width: 936px) 100vw, 936px\" \/><\/div><div class=\"w-person-content\"><h4 itemprop=\"name\" class=\"w-person-name\"><span>\u0160\u00e1rka Tichavov\u00e1<\/span><\/h4><div class=\"w-person-role\" itemprop=\"jobTitle\">Inovace<\/div><\/div><\/div><div class=\"wpb_text_column\"><div class=\"wpb_wrapper\"><p style=\"text-align: center;\">sarka.tichavova@seva-czech.cz<\/p>\n<p style=\"text-align: center;\">+420 724 440 902<\/p>\n<\/div><\/div><\/div><\/div><\/div><div class=\"vc_col-sm-4 wpb_column vc_column_container\"><div class=\"vc_column-inner\"><div class=\"wpb_wrapper\"><div class=\"w-person layout_circle effect_faded\" itemscope itemtype=\"https:\/\/schema.org\/Person\"><div class=\"w-person-image\"><img loading=\"lazy\" decoding=\"async\" width=\"1000\" height=\"1000\" src=\"https:\/\/www.seva-czech.cz\/wp-content\/uploads\/2018\/10\/Portret-Jana-S.png\" class=\"attachment-large size-large\" alt=\"\" itemprop=\"image\" srcset=\"https:\/\/www.seva-czech.cz\/wp-content\/uploads\/2018\/10\/Portret-Jana-S.png 1000w, https:\/\/www.seva-czech.cz\/wp-content\/uploads\/2018\/10\/Portret-Jana-S-150x150.png 150w, https:\/\/www.seva-czech.cz\/wp-content\/uploads\/2018\/10\/Portret-Jana-S-300x300.png 300w, https:\/\/www.seva-czech.cz\/wp-content\/uploads\/2018\/10\/Portret-Jana-S-350x350.png 350w, https:\/\/www.seva-czech.cz\/wp-content\/uploads\/2018\/10\/Portret-Jana-S-600x600.png 600w\" sizes=\"auto, (max-width: 1000px) 100vw, 1000px\" \/><\/div><div class=\"w-person-content\"><h4 itemprop=\"name\" class=\"w-person-name\"><span>Jana Slav\u00edkov\u00e1<\/span><\/h4><div class=\"w-person-role\" itemprop=\"jobTitle\">Reklamace<\/div><\/div><\/div><div class=\"wpb_text_column\"><div class=\"wpb_wrapper\"><p style=\"text-align: center;\">reklamace@seva-czech.cz<\/p>\n<\/div><\/div><\/div><\/div><\/div><\/div><\/div><\/section><section class=\"l-section wpb_row height_medium\"><div class=\"l-section-h i-cf\"><div class=\"g-cols vc_row via_flex valign_top type_default stacking_default\"><div class=\"vc_col-sm-4 wpb_column vc_column_container\"><div class=\"vc_column-inner\"><div class=\"wpb_wrapper\"><div class=\"w-person layout_circle effect_faded\" itemscope itemtype=\"https:\/\/schema.org\/Person\"><div class=\"w-person-image\"><img loading=\"lazy\" decoding=\"async\" width=\"1024\" height=\"1024\" src=\"https:\/\/www.seva-czech.cz\/wp-content\/uploads\/2025\/02\/Renata-Moravcova-bez-pozadi-1024x1024.png\" class=\"attachment-large size-large\" alt=\"\" itemprop=\"image\" srcset=\"https:\/\/www.seva-czech.cz\/wp-content\/uploads\/2025\/02\/Renata-Moravcova-bez-pozadi-1024x1024.png 1024w, https:\/\/www.seva-czech.cz\/wp-content\/uploads\/2025\/02\/Renata-Moravcova-bez-pozadi-300x300.png 300w, https:\/\/www.seva-czech.cz\/wp-content\/uploads\/2025\/02\/Renata-Moravcova-bez-pozadi-150x150.png 150w, https:\/\/www.seva-czech.cz\/wp-content\/uploads\/2025\/02\/Renata-Moravcova-bez-pozadi-350x350.png 350w, https:\/\/www.seva-czech.cz\/wp-content\/uploads\/2025\/02\/Renata-Moravcova-bez-pozadi-600x600.png 600w, https:\/\/www.seva-czech.cz\/wp-content\/uploads\/2025\/02\/Renata-Moravcova-bez-pozadi-264x264.png 264w\" sizes=\"auto, (max-width: 1024px) 100vw, 1024px\" \/><\/div><div class=\"w-person-content\"><h4 itemprop=\"name\" class=\"w-person-name\"><span>Ren\u00e1ta Moravcov\u00e1<\/span><\/h4><div class=\"w-person-role\" itemprop=\"jobTitle\">Objedn\u00e1vky e-shop<\/div><\/div><\/div><div class=\"wpb_text_column\"><div class=\"wpb_wrapper\"><p style=\"text-align: center;\">roman.horak@seva-czech.cz<\/p>\n<p style=\"text-align: center;\">+420 777 109 722<\/p>\n<\/div><\/div><\/div><\/div><\/div><div class=\"vc_col-sm-4 wpb_column vc_column_container\"><div class=\"vc_column-inner\"><div class=\"wpb_wrapper\"><\/div><\/div><\/div><\/div><\/div><\/section><section class=\"l-section wpb_row height_medium\"><div class=\"l-section-h i-cf\"><div class=\"g-cols vc_row via_flex valign_top type_default stacking_default\" style=\"--additional-gap:10px;\"><div class=\"vc_col-sm-6 wpb_column vc_column_container\"><div class=\"vc_column-inner\"><div class=\"wpb_wrapper\">[vc_raw_html]JTNDaWZyYW1lJTIwc3JjJTNEJTIyaHR0cHMlM0ElMkYlMkZ3d3cuZ29vZ2xlLmNvbSUyRm1hcHMlMkZlbWJlZCUzRnBiJTNEJTIxMW0xOCUyMTFtMTIlMjExbTMlMjExZDI1MzMuMzg3MjU4Njk0OTg2NSUyMTJkMTUuMzU5MjgxODUxNTA5Njk1JTIxM2Q1MC41ODI3NTUwNzkzOTMwOTUlMjEybTMlMjExZjAlMjEyZjAlMjEzZjAlMjEzbTIlMjExaTEwMjQlMjEyaTc2OCUyMTRmMTMuMSUyMTNtMyUyMTFtMiUyMTFzMHg0NzBlYjk4YTI5ZmFlMWRiJTI1M0EweDdhNWMwMzUxMzgwMjMyMmElMjEyc1N1dGljZSUyQjIlMjUyQyUyQjUxMiUyQjAxJTJCU2xhbiUyNUMzJTI1QTElMjE1ZTAlMjEzbTIlMjExc2NzJTIxMnNjeiUyMTR2MTUzOTM0OTI1NjMzMyUyMiUyMHdpZHRoJTNEJTIyNjAwJTIyJTIwaGVpZ2h0JTNEJTIyNDUwJTIyJTIwZnJhbWVib3JkZXIlM0QlMjIwJTIyJTIwc3R5bGUlM0QlMjJib3JkZXIlM0EwJTIyJTIwYWxsb3dmdWxsc2NyZWVuJTNFJTNDJTJGaWZyYW1lJTNF[\/vc_raw_html]<div class=\"g-cols wpb_row via_flex valign_top type_default stacking_default\" style=\"--additional-gap:15px;\"><\/div><\/div><\/div><\/div><div class=\"vc_col-sm-6 wpb_column vc_column_container\"><div class=\"vc_column-inner\"><div class=\"wpb_wrapper\"><div class=\"wpb_text_column\"><div class=\"wpb_wrapper\"><h4><strong>Po\u0161lete n\u00e1m zpr\u00e1vu<\/strong><\/h4>\n<p>Nejjednodu\u0161\u0161\u00ed formou jak n\u00e1s kontaktovat, je p\u0159es formul\u00e1\u0159 n\u00ed\u017ee. Napi\u0161te sv\u016fj dotaz a my se budeme sna\u017eit odpov\u011bd\u011bt v nejkrat\u0161\u00ed mo\u017en\u00e9 dob\u011b.<\/p>\n<\/div><\/div><form class=\"w-form  us-field-style_1 layout_ver for_cform us_form_1\" autocomplete=\"off\" action=\"https:\/\/www.seva-czech.cz\/es\/wp-json\/wp\/v2\/pages\/12213\" method=\"post\"><div class=\"w-form-h\"><div class=\"w-form-row for_text required with_icon\">\r\n\t\t<div class=\"w-form-row-field\">\r\n\t\t\t\t<i class=\"far fa-envelope\"><\/i>\t\t<input aria-label=\"Email\" type=\"text\" name=\"us_form_1_text_1\" value placeholder=\"Email *\" data-required=\"true\" aria-required=\"true\"\/>\r\n\t\t\t<\/div>\r\n\t\t<div class=\"w-form-row-state\">Rellena este campo<\/div>\r\n<\/div>\r\n<div class=\"w-form-row for_textarea required with_icon\">\r\n\t\t<div class=\"w-form-row-field\">\r\n\t\t\t\t<i class=\"far fa-pencil\"><\/i>\t\t<textarea aria-label=\"Text\" name=\"us_form_1_textarea_1\" placeholder=\"Text *\" data-required=\"true\" aria-required=\"true\"><\/textarea>\r\n\t\t\t<\/div>\r\n\t\t<div class=\"w-form-row-state\">Rellena este campo<\/div>\r\n<\/div>\r\n<div class=\"w-form-row for_captcha has_label required with_icon\">\r\n\t<div class=\"w-form-row-label\">\r\n\t\t<span>Enter the equation result to proceed <span>29 + 15 = ?<\/span><\/span>\r\n\t<\/div>\r\n\t<div class=\"w-form-row-field\">\r\n\t\t\t\t<input type=\"hidden\" name=\"us_form_1_captcha_1_hash\" value=\"d6e67f2b49de278b8e2140db1bc2577f\" \/>\r\n\t\t<i class=\"far fa-question-circle\"><\/i>\t\t<input aria-label=\"Enter the equation result to proceed\" type=\"text\" name=\"us_form_1_captcha_1\" placeholder data-required=\"true\" aria-required=\"true\"\/>\r\n\t\t\t<\/div>\r\n\t\t<div class=\"w-form-row-state\">Escriba el resultado de la operaci\u00f3n para continuar<\/div>\r\n<\/div>\r\n<input type=\"hidden\" name=\"action\" value=\"us_ajax_cform\" \/>\r\n<input type=\"hidden\" name=\"post_id\" value=\"0\" \/>\r\n<input type=\"hidden\" name=\"form_index\" value=\"1\" \/>\r\n<div class=\"w-form-row for_submit align_none\">\r\n\t<button class=\"w-btn  us-btn-style_3\" aria-label=\"Enviar\" type=\"submit\" style=\"font-size:16px;\">\r\n\t\t<span class=\"g-preloader type_1\"><\/span>\r\n\t\t\t\t<span class=\"w-btn-label\">Enviar<\/span>\r\n\t\t\t<\/button>\r\n\t<\/div>\r\n<\/div><div class=\"w-form-message\"><\/div><div class=\"w-form-json hidden\" onclick='return {&quot;ajaxurl&quot;:&quot;https:\\\/\\\/www.seva-czech.cz\\\/wp-admin\\\/admin-ajax.php&quot;,&quot;messages&quot;:{&quot;err_empty&quot;:&quot;Rellena este campo&quot;,&quot;err_size&quot;:&quot;El tama\\u00f1o del archivo no puede exceder %s MB&quot;,&quot;err_extension&quot;:&quot;El tipo de archivo %s no est\\u00e1 permitido&quot;,&quot;err_recaptcha_keys&quot;:&quot;Las claves de reCAPTCHA son incorrectas&quot;}}'><\/div><\/form><\/div><\/div><\/div><\/div><\/div><\/section>\n","protected":false},"excerpt":{"rendered":"Kontakty M\u00e1te doma n\u011bkterou z na\u0161ich stavebnic a va\u0161e d\u011bti z nich neust\u00e1le n\u011bco stav\u011bj\u00ed? Seva spojuje, a proto budeme r\u00e1di, kdy\u017e s n\u00e1mi budete ve spojen\u00ed a d\u00e1te n\u00e1m t\u0159eba v\u011bd\u011bt, co v\u00e1s a va\u0161e d\u011bti na stavebnici Seva bav\u00ed a co byste nap\u0159\u00edklad ocenili v nov\u00fdch stavebnic\u00edch. Budeme r\u00e1di, kdy\u017e se n\u00e1m s...","protected":false},"author":1,"featured_media":0,"parent":0,"menu_order":0,"comment_status":"closed","ping_status":"closed","template":"","meta":{"_acf_changed":false,"footnotes":""},"class_list":["post-12213","page","type-page","status-publish","hentry"],"acf":[],"_links":{"self":[{"href":"https:\/\/www.seva-czech.cz\/es\/wp-json\/wp\/v2\/pages\/12213","targetHints":{"allow":["GET"]}}],"collection":[{"href":"https:\/\/www.seva-czech.cz\/es\/wp-json\/wp\/v2\/pages"}],"about":[{"href":"https:\/\/www.seva-czech.cz\/es\/wp-json\/wp\/v2\/types\/page"}],"author":[{"embeddable":true,"href":"https:\/\/www.seva-czech.cz\/es\/wp-json\/wp\/v2\/users\/1"}],"replies":[{"embeddable":true,"href":"https:\/\/www.seva-czech.cz\/es\/wp-json\/wp\/v2\/comments?post=12213"}],"version-history":[{"count":4,"href":"https:\/\/www.seva-czech.cz\/es\/wp-json\/wp\/v2\/pages\/12213\/revisions"}],"predecessor-version":[{"id":19162,"href":"https:\/\/www.seva-czech.cz\/es\/wp-json\/wp\/v2\/pages\/12213\/revisions\/19162"}],"wp:attachment":[{"href":"https:\/\/www.seva-czech.cz\/es\/wp-json\/wp\/v2\/media?parent=12213"}],"curies":[{"name":"wp","href":"https:\/\/api.w.org\/{rel}","templated":true}]}}