{"id":12207,"date":"2013-05-31T11:58:45","date_gmt":"2013-05-31T11:58:45","guid":{"rendered":"https:\/\/www.seva-czech.cz\/partnerum\/"},"modified":"2022-05-12T10:14:36","modified_gmt":"2022-05-12T08:14:36","slug":"partnerum","status":"publish","type":"page","link":"https:\/\/www.seva-czech.cz\/es\/partnerum\/","title":{"rendered":"Para colaboradores"},"content":{"rendered":"<section class=\"l-section wpb_row height_large\"><div class=\"l-section-h i-cf\"><div class=\"g-cols vc_row via_flex valign_top type_default stacking_default\"><div class=\"vc_col-sm-12 wpb_column vc_column_container\"><div class=\"vc_column-inner\"><div class=\"wpb_wrapper\"><div class=\"wpb_text_column\"><div class=\"wpb_wrapper\"><h1 style=\"text-align: center;\">Partner\u016fm<\/h1>\n<\/div><\/div><div class=\"w-separator size_medium\"><\/div><div class=\"wpb_text_column\"><div class=\"wpb_wrapper\"><p>Chcete obohatit nab\u00eddku va\u0161eho kamenn\u00e9ho \u010di internetov\u00e9ho obchodu o na\u0161e stavebnice a\u00a0v\u011bdomostn\u00ed hry pro d\u011bti? Pl\u00e1nujete zaj\u00edmav\u00fd projekt, ve kter\u00e9m by na\u0161e stavebnice na\u0161ly uplatn\u011bn\u00ed?<\/p>\n<p>Poj\u010fme se tedy vz\u00e1jemn\u011b propojit! Vyberte si zp\u016fsob, kter\u00fd v\u00e1m nejv\u00edce vyhovuje:<\/p>\n<ul>\n<li>p\u0159edstavit konkr\u00e9tn\u00ed produkty nebo zorientovat se v na\u0161\u00ed nab\u00eddce v\u00e1m r\u00e1d osobn\u011b pom\u016f\u017ee n\u00e1\u0161 obchodn\u00ed z\u00e1stupce p\u0159\u00edmo ve va\u0161em obchod\u011b. Kontaktujte: <strong>Luk\u00e1\u0161 Sedl\u00e1\u010dek, tel.: +420 725 490 153, e-mail: lukas.sedlacek@seva-czech.cz<\/strong><\/li>\n<li>nebo p\u0159ije\u010fte na n\u00e1v\u0161t\u011bvu p\u0159\u00edmo do SEVA podnikov\u00e9 vzorkovny, kde se v\u00e1m bude v\u011bnovat n\u00e1\u0161 hrav\u00fd t\u00fdm.<\/li>\n<\/ul>\n<p>K produkt\u016fm v\u00e1m nab\u00edz\u00edme i marketingovou podporu \u2013 katalogy, let\u00e1ky, videon\u00e1vody \u2013 aby se v\u00e1m stavebnice a hra\u010dky dob\u0159e prod\u00e1valy.<\/p>\n<p>V\u0161echny SEVA stavebnice a hry jsou pravideln\u011b testov\u00e1ny certifikovanou zku\u0161ebnou a\u00a0spl\u0148uj\u00ed ve\u0161ker\u00e9 po\u017eadavky bezpe\u010dnosti a nez\u00e1vadnosti podle normy EN71.<\/p>\n<\/div><\/div><\/div><\/div><\/div><\/div><\/div><\/section><section class=\"l-section wpb_row height_medium\"><div class=\"l-section-h i-cf\"><div class=\"g-cols vc_row via_flex valign_top type_default stacking_default\"><div class=\"vc_col-sm-12 wpb_column vc_column_container\"><div class=\"vc_column-inner\"><div class=\"wpb_wrapper\"><div class=\"w-separator size_medium\"><\/div><\/div><\/div><\/div><\/div><\/div><\/section>\n","protected":false},"excerpt":{"rendered":"Partner\u016fm Chcete obohatit nab\u00eddku va\u0161eho kamenn\u00e9ho \u010di internetov\u00e9ho obchodu o na\u0161e stavebnice a\u00a0v\u011bdomostn\u00ed hry pro d\u011bti? Pl\u00e1nujete zaj\u00edmav\u00fd projekt, ve kter\u00e9m by na\u0161e stavebnice na\u0161ly uplatn\u011bn\u00ed? Poj\u010fme se tedy vz\u00e1jemn\u011b propojit! Vyberte si zp\u016fsob, kter\u00fd v\u00e1m nejv\u00edce vyhovuje: p\u0159edstavit konkr\u00e9tn\u00ed produkty nebo zorientovat se v na\u0161\u00ed nab\u00eddce v\u00e1m r\u00e1d osobn\u011b pom\u016f\u017ee n\u00e1\u0161 obchodn\u00ed z\u00e1stupce p\u0159\u00edmo...","protected":false},"author":1,"featured_media":0,"parent":0,"menu_order":0,"comment_status":"closed","ping_status":"closed","template":"","meta":{"_acf_changed":false,"footnotes":""},"class_list":["post-12207","page","type-page","status-publish","hentry"],"acf":[],"_links":{"self":[{"href":"https:\/\/www.seva-czech.cz\/es\/wp-json\/wp\/v2\/pages\/12207","targetHints":{"allow":["GET"]}}],"collection":[{"href":"https:\/\/www.seva-czech.cz\/es\/wp-json\/wp\/v2\/pages"}],"about":[{"href":"https:\/\/www.seva-czech.cz\/es\/wp-json\/wp\/v2\/types\/page"}],"author":[{"embeddable":true,"href":"https:\/\/www.seva-czech.cz\/es\/wp-json\/wp\/v2\/users\/1"}],"replies":[{"embeddable":true,"href":"https:\/\/www.seva-czech.cz\/es\/wp-json\/wp\/v2\/comments?post=12207"}],"version-history":[{"count":1,"href":"https:\/\/www.seva-czech.cz\/es\/wp-json\/wp\/v2\/pages\/12207\/revisions"}],"predecessor-version":[{"id":12208,"href":"https:\/\/www.seva-czech.cz\/es\/wp-json\/wp\/v2\/pages\/12207\/revisions\/12208"}],"wp:attachment":[{"href":"https:\/\/www.seva-czech.cz\/es\/wp-json\/wp\/v2\/media?parent=12207"}],"curies":[{"name":"wp","href":"https:\/\/api.w.org\/{rel}","templated":true}]}}