{"id":12201,"date":"2022-05-12T09:26:37","date_gmt":"2022-05-12T07:26:37","guid":{"rendered":"https:\/\/www.seva-czech.cz\/?page_id=12201"},"modified":"2022-05-12T10:11:27","modified_gmt":"2022-05-12T08:11:27","slug":"skolkam","status":"publish","type":"page","link":"https:\/\/www.seva-czech.cz\/es\/skolkam\/","title":{"rendered":"Para coles"},"content":{"rendered":"<section class=\"l-section wpb_row height_medium\"><div class=\"l-section-h i-cf\"><div class=\"g-cols vc_row via_flex valign_top type_default stacking_default\"><div class=\"vc_col-sm-12 wpb_column vc_column_container\"><div class=\"vc_column-inner\"><div class=\"wpb_wrapper\"><div class=\"wpb_text_column\"><div class=\"wpb_wrapper\"><h1 style=\"text-align: center;\">\u0160kol(k)\u00e1m<\/h1>\n<\/div><\/div><div class=\"w-separator size_medium\"><\/div><div class=\"w-image align_center\"><div class=\"w-image-h\"><img decoding=\"async\" width=\"600\" height=\"359\" src=\"https:\/\/www.seva-czech.cz\/wp-content\/uploads\/2020\/12\/Seva_Box_ctyri_deti_stavi_kostky_OKR-600x359.jpg\" class=\"attachment-us_600_0 size-us_600_0\" alt=\"\" loading=\"lazy\" srcset=\"https:\/\/www.seva-czech.cz\/wp-content\/uploads\/2020\/12\/Seva_Box_ctyri_deti_stavi_kostky_OKR-600x359.jpg 600w, https:\/\/www.seva-czech.cz\/wp-content\/uploads\/2020\/12\/Seva_Box_ctyri_deti_stavi_kostky_OKR-300x179.jpg 300w, https:\/\/www.seva-czech.cz\/wp-content\/uploads\/2020\/12\/Seva_Box_ctyri_deti_stavi_kostky_OKR.jpg 1000w\" sizes=\"auto, (max-width: 600px) 100vw, 600px\" \/><\/div><\/div><div class=\"w-separator size_medium\"><\/div><div class=\"wpb_text_column\"><div class=\"wpb_wrapper\"><p>Chceme rozv\u00edjet d\u011btskou tvo\u0159ivost a manu\u00e1ln\u00ed zru\u010dnost pomoc\u00ed tradi\u010dn\u00edch \u010desk\u00fdch hra\u010dek, a proto ka\u017edoro\u010dn\u011b podporujeme des\u00edtky mate\u0159sk\u00fdch \u0161kol dv\u011bma zp\u016fsoby:<br \/>\n<strong>1. programem \u201eStavitelem od 3 let\u201c<\/strong><br \/>\n<strong>2. bezplatn\u00fdm zap\u016fj\u010den\u00edm stavebnice SEVA Box<\/strong><\/p>\n<p>A jak to cel\u00e9 funguje?<\/p>\n<p><strong>PROGRAM \u201eStavitelem od 3 let\u201c<\/strong><br \/>\nPro zapojen\u00ed va\u0161\u00ed \u0161kolky do programu \u201eStavitelem od 3 let\u201c je pot\u0159eba pouze vyplnit <a href=\"https:\/\/www.seva-czech.cz\/wp-content\/uploads\/2018\/11\/reg.formularStavitelemod3let.docx\" target=\"_blank\" rel=\"noopener noreferrer\">tento formul\u00e1\u0159<\/a>, kter\u00fd nen\u00ed podm\u00edn\u011bn \u017e\u00e1dn\u00fdm n\u00e1kupem. Z\u00edsk\u00e1te t\u00edm dv\u011b v\u00fdhody:<br \/>\n1. Vypln\u011bn\u00edm formul\u00e1\u0159e budete automaticky za\u0159azeni do slosov\u00e1n\u00ed, kter\u00e9 prob\u00edh\u00e1 ka\u017ed\u00e9 3 m\u011bs\u00edce. 5 vylosovan\u00fdch \u0161kolek z\u00edsk\u00e1 stavebnice v hodnot\u011b n\u011bkolika tis\u00edc korun.<br \/>\n2. Vypln\u011bn\u00edm formul\u00e1\u0159e z\u00edsk\u00e1te slevu na ka\u017edou va\u0161i objedn\u00e1vku p\u0159es n\u00e1\u0161 e-shop e.seva-czech.cz. V p\u0159\u00edpad\u011b n\u00e1kupu nad 1\u00a0200 K\u010d bez DPH pak m\u00e1te od n\u00e1s je\u0161t\u011b dopravu ZDARMA.<\/p>\n<p><strong>SEVA Box<\/strong><\/p>\n<p>V\u0161em \u0161kolk\u00e1m, \u0161kol\u00e1m, d\u011btsk\u00fdm klub\u016fm, hern\u00e1m&#8230; nab\u00edz\u00edme jedine\u010dn\u00fd SEVA Box, pomoc\u00ed kter\u00e9ho si d\u011bti zdokonaluj\u00ed jemnou motoriku, rozv\u00edjej\u00ed kreativitu a procvi\u010duj\u00ed d\u016fle\u017eit\u00e9 kognitivn\u00ed funkce, jako je pozornost, koncentrace, prostorov\u00e1 orientace, kreativita a hlavn\u011b spolupr\u00e1ce.<\/p>\n<p>SEVA Box je voln\u011b neprodejn\u00fd, proto ho u n\u00e1s na e-shopu nenajdete, m\u00e1 objem 45 l a obsahuje 3 570 d\u00edlk\u016f v osmi barv\u00e1ch, v\u0161ech mo\u017en\u00fdch tvar\u016f a je vhodn\u00fd pro d\u011bti od 4 let.<\/p>\n<p>SEVA box po\u0159\u00edd\u00edte za 5 917 K\u010d a to v\u010detn\u011b DPH, SEVA box, stejn\u011b jako ostatn\u00ed stavebnice lze financovat z projektu \u0160ablony.<\/p>\n<p>Pokud V\u00e1s SEVA box zaujal, pros\u00edm po\u0161lete objedn\u00e1vku na Petra.<span class=\"markfgivz2kt8\" data-markjs=\"true\" data-ogac=\"\" data-ogab=\"\" data-ogsc=\"\" data-ogsb=\"\">Landovska<\/span>@seva-czech.cz<\/p>\n<p><b>Pokud m\u00e1te jak\u00fdkoliv dotaz, nev\u00e1hejte n\u00e1s kontaktovat na: Petra.<span class=\"markfgivz2kt8\" data-markjs=\"true\" data-ogac=\"\" data-ogab=\"\" data-ogsc=\"\" data-ogsb=\"\">Landovska<\/span>@seva-czech.cz nebo na telefonn\u00edm \u010d\u00edsle +420 724 440\u00a0958<\/b><\/p>\n<\/div><\/div><\/div><\/div><\/div><\/div><\/div><\/section><section class=\"l-section wpb_row height_medium\"><div class=\"l-section-h i-cf\"><div class=\"g-cols vc_row via_flex valign_top type_default stacking_default\"><div class=\"vc_col-sm-12 wpb_column vc_column_container\"><div class=\"vc_column-inner\"><div class=\"wpb_wrapper\"><div class=\"wpb_text_column\"><div class=\"wpb_wrapper\"><h3 id=\"fancy-title-313\" style=\"text-align: center;\">\u0160kolky o n\u00e1s<\/h3>\n<\/div><\/div><div class=\"w-grid type_grid layout_testimonial_2 hidden cols_2 pagination_infinite\" id=\"us_grid_1\" style=\"--columns:2;--gap:1.5rem;\" data-filterable=\"true\"><style>@media (max-width:600px){#us_grid_1{--columns:1!important}}.layout_testimonial_2 .w-grid-item-h{}.layout_testimonial_2 .usg_hwrapper_1{margin-top:0.5rem!important}.layout_testimonial_2 .usg_post_image_1{width:4rem!important;margin-right:1rem!important}.layout_testimonial_2 .usg_post_custom_field_1{font-weight:700!important;line-height:1.5!important;margin-bottom:0!important}.layout_testimonial_2 .usg_post_custom_field_2{color:var(--color-content-faded)!important;font-size:0.9rem!important;line-height:1.5!important;margin-bottom:0!important}.layout_testimonial_2 .usg_vwrapper_2{padding-top:3.5rem!important;padding-left:2rem!important}.layout_testimonial_2 .usg_post_custom_field_3{color:var(--color-content-primary)!important;font-size:3rem!important;line-height:1!important;position:absolute!important;top:0!important;left:0!important}<\/style><div class=\"w-grid-list\"><\/div><div class=\"w-grid-preloader\">\t<div class=\"g-preloader type_1\">\r\n\t\t<div><\/div>\r\n\t<\/div>\r\n\t<\/div>\t<div class=\"w-grid-json hidden\" onclick='return {&quot;action&quot;:&quot;us_ajax_grid&quot;,&quot;infinite_scroll&quot;:0,&quot;max_num_pages&quot;:0,&quot;pagination&quot;:&quot;infinite&quot;,&quot;template_vars&quot;:{&quot;columns&quot;:&quot;2&quot;,&quot;exclude_items&quot;:&quot;none&quot;,&quot;img_size&quot;:&quot;default&quot;,&quot;ignore_items_size&quot;:0,&quot;items_layout&quot;:&quot;testimonial_2&quot;,&quot;items_offset&quot;:&quot;1&quot;,&quot;load_animation&quot;:&quot;none&quot;,&quot;overriding_link&quot;:&quot;{\\&quot;url\\&quot;:\\&quot;\\&quot;}&quot;,&quot;post_id&quot;:0,&quot;query_args&quot;:{&quot;post_type&quot;:[&quot;us_testimonial&quot;],&quot;post_status&quot;:[&quot;publish&quot;,&quot;acf-disabled&quot;],&quot;posts_per_page&quot;:&quot;4&quot;},&quot;orderby_query_args&quot;:{&quot;orderby&quot;:{&quot;date&quot;:&quot;DESC&quot;}},&quot;type&quot;:&quot;grid&quot;,&quot;us_grid_post_type&quot;:&quot;us_testimonial&quot;,&quot;us_grid_ajax_index&quot;:1,&quot;us_grid_filter_query_string&quot;:null,&quot;us_grid_index&quot;:1,&quot;page_args&quot;:[],&quot;lang&quot;:&quot;es&quot;}}'><\/div>\r\n\t<\/div><div class=\"w-grid-none type_message\">No se han encontrado resultados.<\/div><\/div><\/div><\/div><\/div><\/div><\/section><section class=\"l-section wpb_row height_medium\"><div class=\"l-section-h i-cf\"><div class=\"g-cols vc_row via_flex valign_top type_default stacking_default\"><div class=\"vc_col-sm-12 wpb_column vc_column_container\"><div class=\"vc_column-inner\"><div class=\"wpb_wrapper\"><div class=\"wpb_text_column\"><div class=\"wpb_wrapper\"><h2 style=\"text-align: center;\">SEVA \u017dIV\u011a<\/h2>\n<\/div><\/div><div class=\"wpb_text_column\"><div class=\"wpb_wrapper\"><link rel='stylesheet' id='ff-dynamic-css3' type='text\/css' href='https:\/\/www.seva-czech.cz\/wp-content\/resources\/flow-flow\/css\/stream-id3.css?ver=1730368638'\/><!-- Flow-Flow \u2014 Social stream plugin for WordPress -->\n<div class=\"ff-stream\" data-plugin=\"flow_flow\" id=\"ff-stream-3\"><span class=\"ff-loader\"><span class=\"ff-square\" ><\/span><span class=\"ff-square\"><\/span><span class=\"ff-square ff-last\"><\/span><span class=\"ff-square ff-clear\"><\/span><span class=\"ff-square\"><\/span><span class=\"ff-square ff-last\"><\/span><span class=\"ff-square ff-clear\"><\/span><span class=\"ff-square\"><\/span><span class=\"ff-square ff-last\"><\/span><\/span><\/div>\n<svg aria-hidden=\"true\" style=\"position: absolute; width: 0; height: 0; overflow: hidden;\" version=\"1.1\"><defs><symbol id=\"ff-icon-heart\" viewBox=\"0 0 48 48\"><path d=\"M34.6 3.1c-4.5 0-7.9 1.8-10.6 5.6-2.7-3.7-6.1-5.5-10.6-5.5C6 3.1 0 9.6 0 17.6c0 7.3 5.4 12 10.6 16.5.6.5 1.3 1.1 1.9 1.7l2.3 2c4.4 3.9 6.6 5.9 7.6 6.5.5.3 1.1.5 1.6.5s1.1-.2 1.6-.5c1-.6 2.8-2.2 7.8-6.8l2-1.8c.7-.6 1.3-1.2 2-1.7C42.7 29.6 48 25 48 17.6c0-8-6-14.5-13.4-14.5z\"><\/path><\/symbol><\/defs><\/svg>\n<script type=\"text\/javascript\" class=\"ff-stream-inline-js\" id=\"ff-stream-inline-js-3\">\n\n    (function () {\n        var timer, abortTimer;\n\n        timer = setInterval( function() {\n            if ( window.jQuery ) {\n                clearInterval( timer );\n                afterContentArrived( window.jQuery );\n            }\n        }, 67);\n\n        abortTimer = setTimeout( function () {\n\n            if ( !window.jQuery ) {\n                clearInterval( timer );\n                console.log('FLOW-FLOW DEBUG MESSAGE: No jQuery on page, please make sure it is loaded because jQuery is plugin requirement');\n            }\n        }, 20000);\n\n        function afterContentArrived ( $ ) {\n\n            \"use strict\";\n\n            var hash = '1776270900.0b7a341492919c89da68c25a2884c19d1950791c9de530f64cb1e79640898dea96db9b60e19bf1ab1d964453224d983b';\n\n            var opts = window.FlowFlowOpts || {\"streams\":{},\"open_in_new\":\"yep\",\"filter_all\":\"Todos\",\"filter_search\":\"Buscar\",\"expand_text\":\"Expandir\",\"collapse_text\":\"Colapso\",\"posted_on\":\"Publicado en\",\"followers\":\"Followers\",\"following\":\"Following\",\"posts\":\"Posts\",\"show_more\":\"Ver m\\u00e1s\",\"date_style\":\"agoStyleDate\",\"dates\":{\"Yesterday\":\"Ayer\",\"s\":\"s\",\"m\":\"m\",\"h\":\"h\",\"ago\":\"hace\",\"months\":[\"Enero\",\"Feb\",\"Marzo\",\"Abril\",\"Mayo\",\"Junio\",\"Julio\",\"Agosto\",\"Sept\",\"Oct\",\"Nov\",\"Dic\"]},\"lightbox_navigate\":\"Navegue con las teclas de flecha\",\"view_on\":\"View on\",\"view_on_site\":\"View on site\",\"view_all\":\"View all\",\"comments\":\"comments\",\"scroll\":\"Scroll for more\",\"no_comments\":\"No comments yet.\",\"check_comments\":\"Check all comments\",\"be_first\":\"Be the first!\",\"loading\":\"Loading\",\"server_time\":1776496679,\"forceHTTPS\":\"nope\",\"isAdmin\":false,\"ajaxurl\":\"https:\\\/\\\/www.seva-czech.cz\\\/wp-admin\\\/admin-ajax.php\",\"isLog\":false,\"plugin_base\":\"https:\\\/\\\/www.seva-czech.cz\\\/wp-content\\\/plugins\\\/flow-flow\",\"plugin_ver\":\"4.9.72\",\"domain\":\"www.seva-czech.cz\",\"token\":\"\"};\n\n            var isLS = isLocalStorageNameSupported();\n\n            var FF_resource = window.FF_resource ||\n                {\n                    scriptDeferred: $.Deferred(),\n                    styleDeferred:  $.Deferred(),\n                    scriptLoading: false,\n                    styleLoading: false\n                };\n\n            if ( !window.FF_resource ) window.FF_resource = FF_resource;\n            if ( !window.FlowFlowOpts ) window.FlowFlowOpts = opts;\n\n\t        \n            var data = {\n                'shop': 'www.seva-czech.cz',\n                'action': 'fetch_posts',\n                'stream-id': '3',\n                'disable-cache': '',\n                'hash': hash,\n                'page': '0',\n                'preview': '0',\n                'token':  '',\n                'boosted': '0'\n            };\n\n            var isMobile = \/android|blackBerry|iphone|ipad|ipod|opera mini|iemobile\/i.test( navigator.userAgent );\n\n            var streamOpts = {\"name\":\"\\u0160kol(k)\\u00e1m\",\"cloud\":\"nope\",\"mod\":\"nope\",\"order\":\"compareByTime\",\"posts\":\"30\",\"days\":\"\",\"page-posts\":\"4\",\"cache\":\"yep\",\"cache_lifetime\":\"10\",\"gallery\":\"yep\",\"gallery-type\":\"classic\",\"private\":\"nope\",\"hide-on-desktop\":\"nope\",\"hide-on-mobile\":\"nope\",\"max-res\":\"nope\",\"show-only-media-posts\":\"nope\",\"titles\":\"yep\",\"hidemeta\":\"yep\",\"hidetext\":\"nope\",\"heading\":\"\",\"headingcolor\":\"rgb(0, 57, 116)\",\"subheading\":\"\",\"subheadingcolor\":\"rgb(0, 57, 116)\",\"hhalign\":\"center\",\"bgcolor\":\"rgba(0, 0, 0, 0)\",\"filter\":\"nope\",\"filtercolor\":\"rgb(205, 205, 205)\",\"mobileslider\":\"nope\",\"viewportin\":\"yep\",\"width\":\"260\",\"margin\":\"20\",\"layout\":\"masonry\",\"theme\":\"classic\",\"gc-style\":\"style-1\",\"upic-pos\":\"off\",\"upic-style\":\"round\",\"bradius\":\"15\",\"icon-style\":\"label2\",\"icon-col\":\"colored\",\"cardcolor\":\"rgb(255, 255, 255)\",\"namecolor\":\"rgb(0, 57, 116)\",\"textcolor\":\"rgb(0, 57, 116)\",\"linkscolor\":\"rgb(162, 192, 55)\",\"restcolor\":\"rgb(0, 57, 116)\",\"shadow\":\"rgba(0, 0, 0, 0.05)\",\"bcolor\":\"rgba(0, 0, 0, 0.75)\",\"talign\":\"left\",\"icons-style\":\"outline\",\"cards-num\":\"3\",\"scrolltop\":\"yep\",\"c-desktop\":\"5\",\"c-laptop\":\"4\",\"c-tablet-l\":\"3\",\"c-tablet-p\":\"2\",\"c-smart-l\":\"2\",\"c-smart-p\":\"1\",\"s-desktop\":\"15\",\"s-laptop\":\"15\",\"s-tablet-l\":\"10\",\"s-tablet-p\":\"10\",\"s-smart-l\":\"15\",\"s-smart-p\":\"15\",\"m-c-desktop\":\"4\",\"m-c-laptop\":\"4\",\"m-c-tablet-l\":\"3\",\"m-c-tablet-p\":\"2\",\"m-c-smart-l\":\"2\",\"m-c-smart-p\":\"1\",\"m-s-desktop\":\"15\",\"m-s-laptop\":\"15\",\"m-s-tablet-l\":\"10\",\"m-s-tablet-p\":\"10\",\"m-s-smart-l\":\"15\",\"m-s-smart-p\":\"15\",\"j-h-desktop\":\"260\",\"j-h-laptop\":\"240\",\"j-h-tablet-l\":\"220\",\"j-h-tablet-p\":\"200\",\"j-h-smart-l\":\"180\",\"j-h-smart-p\":\"160\",\"j-s-desktop\":\"0\",\"j-s-laptop\":\"0\",\"j-s-tablet-l\":\"0\",\"j-s-tablet-p\":\"0\",\"j-s-smart-l\":\"0\",\"j-s-smart-p\":\"0\",\"c-r-desktop\":\"2\",\"c-r-laptop\":\"2\",\"c-r-tablet-l\":\"2\",\"c-r-tablet-p\":\"2\",\"c-r-smart-l\":\"2\",\"c-r-smart-p\":\"2\",\"c-c-desktop\":\"5\",\"c-c-laptop\":\"4\",\"c-c-tablet-l\":\"3\",\"c-c-tablet-p\":\"3\",\"c-c-smart-l\":\"2\",\"c-c-smart-p\":\"2\",\"c-s-desktop\":\"0\",\"c-s-laptop\":\"0\",\"c-s-tablet-l\":\"0\",\"c-s-tablet-p\":\"0\",\"c-s-smart-l\":\"0\",\"c-s-smart-p\":\"0\",\"c-autoplay\":\"\",\"c-arrows-always\":\"yep\",\"c-arrows-mob\":\"nope\",\"c-dots\":\"yep\",\"c-dots-mob\":\"nope\",\"wallwidth\":\"\",\"wallvm\":\"20\",\"wallhm\":\"0\",\"wallcomments\":\"yep\",\"g-ratio-w\":\"1\",\"g-ratio-h\":\"2\",\"g-ratio-img\":\"1\\\/2\",\"g-overlay\":\"nope\",\"m-overlay\":\"nope\",\"css\":\"\",\"template\":[\"image\",\"header\",\"text\",\"meta\"],\"tv\":\"nope\",\"tv-int\":\"5\",\"tv-logo\":\"\",\"tv-bg\":\"\",\"big\":\"nope\",\"id\":\"3\",\"last_changes\":1730368638,\"status\":\"1\",\"feeds\":[{\"id\":\"ih03384\",\"errors\":[],\"status\":\"1\",\"enabled\":\"yep\",\"last_update\":\"Abr 18 00:21\",\"cache_lifetime\":\"1440\",\"system_enabled\":\"1\",\"boosted\":\"nope\",\"timeline-type\":\"page_timeline\",\"content\":\"SEVAspojuje\",\"posts\":\"5\",\"mod\":\"nope\",\"type\":\"facebook\",\"include\":\"\",\"filter-by-words\":\"\",\"page\":\"1\"}],\"preview\":false};\n            var ads = false;\n\t        streamOpts.shop = data.shop;\n            streamOpts.plugin = 'flow_flow';\n            streamOpts.trueLayout = streamOpts.layout;\n\n            \/*we will modify 'grid' layout to get 'carousel' layout*\/\n            if ( streamOpts.layout == 'carousel' ) {\n                streamOpts['layout'] = 'grid';\n                streamOpts['g-ratio-h'] = \"1\";\n                streamOpts['g-ratio-img'] = \"1\/2\";\n                streamOpts['g-ratio-w'] = \"1\";\n                streamOpts['g-overlay'] = \"yep\";\n                streamOpts['c-overlay'] = \"yep\";\n                streamOpts['s-desktop'] = \"0\";\n                streamOpts['s-laptop'] = \"0\";\n                streamOpts['s-smart-l'] = \"0\";\n                streamOpts['s-smart-p'] = \"0\";\n                streamOpts['s-tablet-l'] = \"0\";\n                streamOpts['s-tablet-p'] = \"0\";\n            }\n            else if ( streamOpts.layout == 'list' ) {  \/*the same with list, we only need news feed style*\/\n                streamOpts['layout'] = 'masonry';\n            }\n\n\t        if ( ads ) streamOpts.ads = ads;\n\n            opts.streams['stream' + streamOpts.id] = streamOpts;\n\n            var $cont = $(\"[data-plugin='flow_flow']#ff-stream-\"+data['stream-id']);\n            var ajaxDeferred;\n            var script, style;\n            var layout_pre = streamOpts.layout.charAt(0);\n            var isOverlay = layout_pre === 'j' || streamOpts[layout_pre + '-overlay'] === 'yep' && streamOpts.trueLayout !== 'list';\n            var imgIndex;\n            if (isOverlay) {\n                if (streamOpts.template[0] !== 'image') {\n                    for (var i = 0, len = streamOpts.template.length; i < len; i++) {\n                        if (streamOpts.template[i] === 'image') imgIndex = i;\n                    }\n                    streamOpts.template.splice(0, 0, streamOpts.template.splice(imgIndex, 1)[0]);\n                }\n                streamOpts.isOverlay = true;\n            };\n            if (FF_resource.scriptDeferred.state() === 'pending' && !FF_resource.scriptLoading) {\n                script = document.createElement('script');\n                script.src = \"https:\/\/www.seva-czech.cz\/wp-content\/plugins\/flow-flow\/js\/public.js?ver=4.9.72\";\n                script.onload = function( script, textStatus ) {\n                    FF_resource.scriptDeferred.resolve();\n                };\n                document.body.appendChild(script);\n                FF_resource.scriptLoading = true;\n            };\n            if (FF_resource.styleDeferred.state() === 'pending' && !FF_resource.styleLoading) {\n                style = document.createElement('link');\n                style.type = \"text\/css\";\n                style.id = \"ff_style\";\n                style.rel = \"stylesheet\";\n                style.href = \"https:\/\/www.seva-czech.cz\/wp-content\/plugins\/flow-flow\/css\/public.css?ver=4.9.72\";\n                style.media = \"screen\";\n                style.onload = function( script, textStatus ) {\n                    FF_resource.styleDeferred.resolve();\n                };\n                document.getElementsByTagName(\"head\")[0].appendChild(style);\n                FF_resource.styleLoading = true;\n            }\n            $cont.addClass('ff-layout-' + streamOpts.trueLayout);\n            if (!isMobile && streamOpts.trueLayout !== 'carousel') $cont.css('minHeight', '500px');\n            ajaxDeferred = isLS && sessionStorage.getItem(hash) ? {} : $.get(opts.ajaxurl, data)\n;\n            $.when( ajaxDeferred, FF_resource.scriptDeferred, FF_resource.styleDeferred ).done(function ( data ) {\n                var response, $errCont, err;\n                var moderation = 0;\n                var original = (isLS && sessionStorage.getItem(hash)) ? JSON.parse( sessionStorage.getItem(hash) ) : data[0];\n                try {\n                    \/* response = JSON.parse(original); *\/\n                    response = original; \/* since 4.1 *\/\n                } catch (e) {\n                    window.console && window.console.log('Flow-Flow gets invalid data from server');\n                    if (opts.isAdmin || opts.isLog) {\n\t                    $errCont = $('<' + 'div class=\"ff-errors\"><' + 'div class=\"ff-disclaim\">If you see this message then you have administrator permissions and Flow-Flow got invalid data from server. Please provide error message below if you are doing support request.<' + '\/div><' + 'div class=\"ff-err-info\"><'+'\/div><'+'\/div>');\n\t                    $cont.before($errCont);\n                        $errCont.find('.ff-err-info').html(original == '' ? 'Empty response from server' : original);\n                    }\n                    return;\n                }\n\n                if ( ! response ) {\n                \tconsole.log( 'FLOW-FLOW: null response from server' );\n                \treturn;\n                }\n\n                \/\/ injecting ads for cloud streams\n                if ( ads ) {\n\n                \tvar newArr = [];\n\n                \tvar post, ad;\n\n                \tfor ( var i = 0, len = response.items.length; i < len; i++ ) {\n\n\t\t                post = response.items[ i ];\n\n                \t\tif ( ads[ i ] ) {\n\n                \t\t\tad = ads[ i ];\n                            ad.id = 'ad_el_' + ad.id;\n                            newArr.push ( ad );\n\n\t\t\t                delete ads[ i ];\n                        }\n\n                        newArr.push( post );\n                    }\n\n                    response.items = newArr;\n                }\n\n                opts.streams['stream' + streamOpts.id]['items'] = response;\n                if (!FlowFlowOpts.dependencies) FlowFlowOpts.dependencies = {};\n                \n                FlowFlow.extensionResourcesRequests = FlowFlow.extensionResourcesRequests || [];\n                var request, extension, style;\n\n                for ( extension in FlowFlowOpts.dependencies ) {\n                    if ( FlowFlowOpts.dependencies[extension] && FlowFlowOpts.dependencies[extension] !== 'loaded') {\n                        request = $.getScript( opts.plugin_base + '-' + extension + '\/js\/ff_' + extension + '_public.js?ver=4.9.72');\n                        FlowFlow.extensionResourcesRequests.push(request);\n\n                        style = document.createElement('link');\n                        style.type = \"text\/css\";\n                        style.rel = \"stylesheet\";\n                        style.id = \"ff_ad_style\";\n                        style.href = opts.plugin_base + '-' + extension + '\/css\/ff_' + extension + '_public.css?ver=4.9.72';\n                        style.media = \"screen\";\n                        document.getElementsByTagName(\"head\")[0].appendChild(style);\n\n                        FlowFlowOpts.dependencies[extension] = 'loaded';\n                    }\n                }\n\n                var resourcesLoaded = $.when.apply($, FlowFlow.extensionResourcesRequests);\n\n                resourcesLoaded.done(function(){\n                    var $stream, width;\n                    console.log('FLOW-FLOW data', response);\n\n                    $stream = FlowFlow.buildStreamWith(response, streamOpts, moderation, FlowFlowOpts.dependencies);\n\n                    if (isLS && response.items.length > 0 && response.hash.length > 0) sessionStorage.setItem(  response.hash , JSON.stringify( original ));\n\n                    var num = streamOpts.layout === 'compact' || (streamOpts.mobileslider === 'yep' && isMobile)? (streamOpts.mobileslider === 'yep' ? 3 : streamOpts['cards-num']) : false;\n\n                    $cont.append( $stream );\n\n                    if ( typeof $stream !== 'string' ) {\n                        FlowFlow.setupGrid($cont.find('.ff-stream-wrapper'), num, streamOpts.scrolltop === 'yep', streamOpts.gallery === 'yep', streamOpts, $cont);\n                    }\n\n                    setTimeout(function(){\n                        $cont.find('.ff-header').removeClass('ff-loading').end().find('.ff-loader').addClass('ff-squeezed').delay(300).hide();\n                    }, 0);\n\n                    \n                }).fail(function(){\n                    console.log('Flow-Flow: resource loading failed');\n                });\n\n                var isErr = response.status === \"errors\";\n                if ((opts.isAdmin || opts.isLog) && isErr) {\n\t                $errCont = $('<'+'div class=\"ff-errors\"><'+'div class=\"ff-err-info\">If you see this then you are administrator and Flow-Flow got errors from APIs while requesting data. Please go to plugin admin and after refreshing page check for error(s) on stream settings page. Please provide error message info if you are doing support request.<'+'\/div><'+'\/div>');\n\t                $cont.before($errCont);\n                }\n            });\n\n            function isLocalStorageNameSupported() {\n                var testKey = 'test', storage = window.sessionStorage;\n                try {\n                    storage.setItem(testKey, '1');\n                    storage.removeItem(testKey);\n                    return true;\n                } catch (error) {\n                    return false;\n                }\n            };\n\n            return false;\n        }\n    })()\n\n<\/script>\n<!-- Flow-Flow \u2014 Social streams plugin for Wordpress -->\n<\/div><\/div><\/div><\/div><\/div><\/div><\/div><\/section><section class=\"l-section wpb_row height_medium\"><div class=\"l-section-h i-cf\"><div class=\"g-cols vc_row via_flex valign_top type_default stacking_default\"><div class=\"vc_col-sm-12 wpb_column vc_column_container\"><div class=\"vc_column-inner\"><div class=\"wpb_wrapper\"><div class=\"w-actionbox w-actionbox-text--default-color color_secondary controls_right\"><div class=\"w-actionbox-text\"><h2 class=\"w-actionbox-title\" style=\"font-size:2rem\">Chcete se dozv\u011bd\u011bt v\u00edce?<\/h2><\/div><div class=\"w-actionbox-controls\"><a class=\"w-btn us-btn-style_1\" href=\"\/kontakty\/\" style=\"font-size:18px;\"><span class=\"w-btn-label\">Kontaktujte n\u00e1s<\/span><\/a><\/div><\/div><\/div><\/div><\/div><\/div><\/div><\/section>\n","protected":false},"excerpt":{"rendered":"\u0160kol(k)\u00e1m Chceme rozv\u00edjet d\u011btskou tvo\u0159ivost a manu\u00e1ln\u00ed zru\u010dnost pomoc\u00ed tradi\u010dn\u00edch \u010desk\u00fdch hra\u010dek, a proto ka\u017edoro\u010dn\u011b podporujeme des\u00edtky mate\u0159sk\u00fdch \u0161kol dv\u011bma zp\u016fsoby: 1. programem \u201eStavitelem od 3 let\u201c 2. bezplatn\u00fdm zap\u016fj\u010den\u00edm stavebnice SEVA Box A jak to cel\u00e9 funguje? PROGRAM \u201eStavitelem od 3 let\u201c Pro zapojen\u00ed va\u0161\u00ed \u0161kolky do programu \u201eStavitelem od 3 let\u201c je pot\u0159eba...","protected":false},"author":2,"featured_media":0,"parent":0,"menu_order":0,"comment_status":"closed","ping_status":"closed","template":"","meta":{"_acf_changed":false,"footnotes":""},"class_list":["post-12201","page","type-page","status-publish","hentry"],"acf":[],"_links":{"self":[{"href":"https:\/\/www.seva-czech.cz\/es\/wp-json\/wp\/v2\/pages\/12201","targetHints":{"allow":["GET"]}}],"collection":[{"href":"https:\/\/www.seva-czech.cz\/es\/wp-json\/wp\/v2\/pages"}],"about":[{"href":"https:\/\/www.seva-czech.cz\/es\/wp-json\/wp\/v2\/types\/page"}],"author":[{"embeddable":true,"href":"https:\/\/www.seva-czech.cz\/es\/wp-json\/wp\/v2\/users\/2"}],"replies":[{"embeddable":true,"href":"https:\/\/www.seva-czech.cz\/es\/wp-json\/wp\/v2\/comments?post=12201"}],"version-history":[{"count":2,"href":"https:\/\/www.seva-czech.cz\/es\/wp-json\/wp\/v2\/pages\/12201\/revisions"}],"predecessor-version":[{"id":12205,"href":"https:\/\/www.seva-czech.cz\/es\/wp-json\/wp\/v2\/pages\/12201\/revisions\/12205"}],"wp:attachment":[{"href":"https:\/\/www.seva-czech.cz\/es\/wp-json\/wp\/v2\/media?parent=12201"}],"curies":[{"name":"wp","href":"https:\/\/api.w.org\/{rel}","templated":true}]}}