{"id":12194,"date":"2022-05-12T09:18:43","date_gmt":"2022-05-12T07:18:43","guid":{"rendered":"https:\/\/www.seva-czech.cz\/?page_id=12194"},"modified":"2022-05-12T09:19:52","modified_gmt":"2022-05-12T07:19:52","slug":"produkty","status":"publish","type":"page","link":"https:\/\/www.seva-czech.cz\/es\/produkty\/","title":{"rendered":"Productos"},"content":{"rendered":"<section class=\"l-section wpb_row height_medium\"><div class=\"l-section-h i-cf\"><div class=\"g-cols vc_row via_flex valign_top type_default stacking_default\"><div class=\"vc_col-sm-12 wpb_column vc_column_container\"><div class=\"vc_column-inner\"><div class=\"wpb_wrapper\"><div class=\"wpb_text_column\"><div class=\"wpb_wrapper\"><h1 style=\"text-align: center;\">Produktov\u00e9 \u0159ady<\/h1>\n<\/div><\/div><div class=\"w-separator size_large\"><\/div><div class=\"w-grid type_grid layout_6654 hidden cols_3 ratio_1x1\" id=\"us_grid_1\" style=\"--columns:3;--gap:4px;--item-ratio:1;\" data-filterable=\"true\"><style>@media (max-width:1024px){#us_grid_1{--columns:2!important}}@media (max-width:600px){#us_grid_1{--columns:1!important}}.layout_6654 .w-grid-item-h{}.layout_6654 .usg_post_title_1{transition-duration:0.35s;transform:scale(1) translate(0%,-60%);opacity:0}.layout_6654 .w-grid-item-h:hover .usg_post_title_1{transform:scale(1) translate(0%,0%);opacity:1}.layout_6654 .usg_post_image_1{position:absolute!important;top:0!important;right:0!important;bottom:0!important;left:0!important;margin:50px!important}.layout_6654 .usg_vwrapper_1{position:absolute!important;top:0!important;right:0!important;bottom:0!important;left:0!important;padding:2rem!important}.layout_6654 .usg_post_title_1{font-family:var(--h1-font-family)!important;font-size:1.5rem!important;font-weight:700!important}<\/style><div class=\"w-grid-list\"><\/div><div class=\"w-grid-preloader\">\t<div class=\"g-preloader type_1\">\r\n\t\t<div><\/div>\r\n\t<\/div>\r\n\t<\/div>\t<div class=\"w-grid-json hidden\" onclick='return {&quot;action&quot;:&quot;us_ajax_grid&quot;,&quot;infinite_scroll&quot;:0,&quot;max_num_pages&quot;:0,&quot;pagination&quot;:&quot;none&quot;,&quot;template_vars&quot;:{&quot;columns&quot;:&quot;3&quot;,&quot;exclude_items&quot;:&quot;none&quot;,&quot;img_size&quot;:&quot;us_600_0&quot;,&quot;ignore_items_size&quot;:0,&quot;items_layout&quot;:&quot;6654&quot;,&quot;items_offset&quot;:&quot;1&quot;,&quot;load_animation&quot;:&quot;none&quot;,&quot;overriding_link&quot;:&quot;%7B%22type%22%3A%22post%22%7D&quot;,&quot;post_id&quot;:0,&quot;query_args&quot;:{&quot;post_type&quot;:[&quot;us_portfolio&quot;],&quot;tax_query&quot;:[{&quot;taxonomy&quot;:&quot;us_portfolio_category&quot;,&quot;field&quot;:&quot;slug&quot;,&quot;terms&quot;:[&quot;produktove-rady&quot;]}],&quot;post_status&quot;:[&quot;publish&quot;,&quot;acf-disabled&quot;],&quot;posts_per_page&quot;:&quot;15&quot;},&quot;orderby_query_args&quot;:{&quot;orderby&quot;:{&quot;date&quot;:&quot;DESC&quot;}},&quot;type&quot;:&quot;grid&quot;,&quot;us_grid_post_type&quot;:&quot;us_portfolio&quot;,&quot;us_grid_ajax_index&quot;:1,&quot;us_grid_filter_query_string&quot;:null,&quot;us_grid_index&quot;:1,&quot;page_args&quot;:[],&quot;lang&quot;:&quot;es&quot;}}'><\/div>\r\n\t<\/div><div class=\"w-grid-none type_message\">No se han encontrado resultados.<\/div><div class=\"w-separator size_medium\"><\/div><div class=\"w-btn-wrapper align_center\"><a class=\"w-btn us-btn-style_3 us_custom_f73f4019\" href=\"https:\/\/www.seva-czech.cz\/produkty-dle-veku\/\"><span class=\"w-btn-label\">Vyb\u00edrejte podle v\u011bku<\/span><\/a><\/div><\/div><\/div><\/div><\/div><\/div><\/section><section class=\"l-section wpb_row height_medium\"><div class=\"l-section-h i-cf\"><div class=\"g-cols vc_row via_flex valign_top type_default stacking_default\"><div class=\"vc_col-sm-12 wpb_column vc_column_container\"><div class=\"vc_column-inner\"><div class=\"wpb_wrapper\"><div class=\"wpb_text_column\"><div class=\"wpb_wrapper\"><h2 style=\"text-align: center;\">Titul Spr\u00e1vn\u00e1 hra\u010dka pro stavebnice SEVA<\/h2>\n<\/div><\/div><div class=\"g-cols wpb_row via_flex valign_top type_default stacking_default\"><div class=\"vc_col-sm-3 wpb_column vc_column_container\"><div class=\"vc_column-inner\"><div class=\"wpb_wrapper\"><div class=\"w-image align_left\"><div class=\"w-image-h\"><img decoding=\"async\" width=\"300\" height=\"255\" src=\"https:\/\/www.seva-czech.cz\/wp-content\/uploads\/2018\/08\/spravna-hracka-300x255.jpg\" class=\"attachment-medium size-medium\" alt=\"\" loading=\"lazy\" \/><\/div><\/div><\/div><\/div><\/div><div class=\"vc_col-sm-9 wpb_column vc_column_container\"><div class=\"vc_column-inner\"><div class=\"wpb_wrapper\"><div class=\"wpb_text_column\"><div class=\"wpb_wrapper\"><p>Stavebnice Seva byla n\u011bkolikr\u00e1t ocen\u011bna titulem \u00abSpr\u00e1vn\u00e1 hra\u010dka\u00bb. Toto ozna\u010den\u00ed konkr\u00e9tn\u011b z\u00edskala v roce 2012 SEVA 1 a v roce 2014 j\u00ed n\u00e1sledovala SEVA City 1. Pot\u00e9 byly ocen\u011bn\u00ed dal\u0161\u00ed stavebnice.<\/p>\n<p><strong>V\u0161echna\u00a0 z\u00edskan\u00e1 ocen\u011bn\u00ed Spr\u00e1vn\u00e1 hra\u010dka &#8211; vybr\u00e1no odborn\u00edky<\/strong><\/p>\n<ul>\n<li>2012 &#8211; SEVA 1<\/li>\n<li>2014 &#8211; SEVA City 1<\/li>\n<li>2015 &#8211; Blok Twister 1<\/li>\n<li>2016 &#8211; SEVA pro Holky 2 a Disco 32<\/li>\n<li>2017 &#8211; SEVA Rescue 1, SEVA pro holky 1 Jumbo, SEVA Army 2<\/li>\n<li>2018 &#8211; SEVA Rescue 2, Mosaic Maxi 1<\/li>\n<\/ul>\n<h3><\/h3>\n<\/div><\/div><\/div><\/div><\/div><\/div><div class=\"wpb_text_column\"><div class=\"wpb_wrapper\"><h3 style=\"text-align: left;\">Co znamen\u00e1 ozna\u010den\u00ed \u00abSpr\u00e1vn\u00e1 hra\u010dka\u00bb?<\/h3>\n<p>Ozna\u010den\u00ed \u201eSpr\u00e1vn\u00e1 hra\u010dka \u2013 vybr\u00e1no odborn\u00edky\u201c (zalo\u017eeno 1994) je spole\u010dn\u00fdm projektem Sdru\u017een\u00ed pro hra\u010dku a hru, Asociace hra\u010dka Unie v\u00fdtvarn\u00fdch um\u011blc\u016f \u010cR a Asociace p\u0159ed\u0161koln\u00ed v\u00fdchovy.<\/p>\n<p>C\u00edlem je podpo\u0159it tvorbu a prodej dobr\u00fdch hra\u010dek a jejich roz\u0161i\u0159ov\u00e1n\u00ed mezi d\u011btskou populaci.Hodnoceny jsou hra\u010dky a hern\u00ed p\u0159edm\u011bty ur\u010den\u00e9 d\u011btem p\u0159ed\u0161koln\u00edho v\u011bku.<br \/>\nNikdy nekupujte hra\u010dky, kter\u00e9 nenesou ozna\u010den\u00ed. Ale pozor! Certifikovan\u00e1 bezpe\u010dnost a zdravotn\u00ed nez\u00e1vadnost hra\u010dek se toti\u017e net\u00fdk\u00e1 toho nejd\u016fle\u017eit\u011bj\u0161\u00edho pro rozvoj d\u00edt\u011bte: estetick\u00e9 a v\u00fdchovn\u00e9 kvality.<\/p>\n<p>Nadstandardn\u00ed ozna\u010den\u00ed \u201eSpr\u00e1vn\u00e1 hra\u010dka \u2013 vybr\u00e1no odborn\u00edky\u201c je pro rodi\u010de i pedagogy pom\u016fckou p\u0159i rozhodov\u00e1n\u00ed o n\u00e1kupu hra\u010dek.<\/p>\n<p>Za dvacet ro\u010dn\u00edk\u016f bylo ocen\u011bno n\u011bkolik stovek hra\u010dek, s nich\u017e mnoho ji\u017e nen\u00ed na trhu dostupn\u00fdch. V\u0161echny jsou v\u0161ak inspiruj\u00edc\u00ed. Hledejte hra\u010dky se zelen\u00fdm ozna\u010den\u00edm Spr\u00e1vn\u00e1 hra\u010dka v prodejn\u011b, kde r\u00e1di nakupujete; nebudou-li na sklad\u011b, vyb\u00edrejte jen hra\u010dky, kter\u00e9 by p\u0159i podobn\u00e9m hodnocen\u00ed i ve Va\u0161ich o\u010d\u00edch obst\u00e1ly.<\/p>\n<div class=\"gallery_box_single\"><\/div>\n<div class=\"gllr_clear\"><\/div>\n<h2 style=\"text-align: center;\">Zlat\u00e1 medaile pro Monti System<\/h2>\n<p>V roce 1988 z\u00edsk\u00e1v\u00e1 Monti System zlatou medaili na Mezin\u00e1rodn\u00edm veletrhu v Lipsku<\/p>\n<\/div><\/div><\/div><\/div><\/div><\/div><\/div><\/section>\n","protected":false},"excerpt":{"rendered":"Produktov\u00e9 \u0159ady No se han encontrado resultados.Vyb\u00edrejte podle v\u011bkuTitul Spr\u00e1vn\u00e1 hra\u010dka pro stavebnice SEVA Stavebnice Seva byla n\u011bkolikr\u00e1t ocen\u011bna titulem \u00abSpr\u00e1vn\u00e1 hra\u010dka\u00bb. Toto ozna\u010den\u00ed konkr\u00e9tn\u011b z\u00edskala v roce 2012 SEVA 1 a v roce 2014 j\u00ed n\u00e1sledovala SEVA City 1. Pot\u00e9 byly ocen\u011bn\u00ed dal\u0161\u00ed stavebnice. V\u0161echna\u00a0 z\u00edskan\u00e1 ocen\u011bn\u00ed Spr\u00e1vn\u00e1 hra\u010dka &#8211; vybr\u00e1no odborn\u00edky 2012 &#8211;...","protected":false},"author":2,"featured_media":0,"parent":0,"menu_order":0,"comment_status":"closed","ping_status":"closed","template":"","meta":{"_acf_changed":false,"footnotes":""},"class_list":["post-12194","page","type-page","status-publish","hentry"],"acf":[],"_links":{"self":[{"href":"https:\/\/www.seva-czech.cz\/es\/wp-json\/wp\/v2\/pages\/12194","targetHints":{"allow":["GET"]}}],"collection":[{"href":"https:\/\/www.seva-czech.cz\/es\/wp-json\/wp\/v2\/pages"}],"about":[{"href":"https:\/\/www.seva-czech.cz\/es\/wp-json\/wp\/v2\/types\/page"}],"author":[{"embeddable":true,"href":"https:\/\/www.seva-czech.cz\/es\/wp-json\/wp\/v2\/users\/2"}],"replies":[{"embeddable":true,"href":"https:\/\/www.seva-czech.cz\/es\/wp-json\/wp\/v2\/comments?post=12194"}],"version-history":[{"count":2,"href":"https:\/\/www.seva-czech.cz\/es\/wp-json\/wp\/v2\/pages\/12194\/revisions"}],"predecessor-version":[{"id":12198,"href":"https:\/\/www.seva-czech.cz\/es\/wp-json\/wp\/v2\/pages\/12194\/revisions\/12198"}],"wp:attachment":[{"href":"https:\/\/www.seva-czech.cz\/es\/wp-json\/wp\/v2\/media?parent=12194"}],"curies":[{"name":"wp","href":"https:\/\/api.w.org\/{rel}","templated":true}]}}